{"id":29,"date":"2025-08-25T14:19:24","date_gmt":"2025-08-25T14:19:24","guid":{"rendered":"https:\/\/blog.nilljunior.com.br\/?page_id=29"},"modified":"2025-08-25T14:19:53","modified_gmt":"2025-08-25T14:19:53","slug":"coluna-do-ze-peba","status":"publish","type":"page","link":"https:\/\/blog.nilljunior.com.br\/index.php\/coluna-do-ze-peba\/","title":{"rendered":"Coluna do Z\u00e9 Peba"},"content":{"rendered":"\n<h1 class=\"wp-block-heading\"><\/h1>\n\n\n<div class=\"wp-block-image\">\n<figure class=\"alignleft\"><img decoding=\"async\" src=\"https:\/\/conceitualmoveis.com.br\/nill\/wp-content\/uploads\/2025\/08\/2-72.jpg.webp\" alt=\"\" class=\"wp-image-35\"\/><\/figure>\n<\/div>\n\n\n<p><strong>Z\u00e9&nbsp;Peba \u00e9 um matuto que jura que n\u00e3o entende nada de pol\u00edtica. E d\u00e1 seus pitacos sobre tudo que acontece na regi\u00e3o\u2026<\/strong><\/p>\n\n\n\n<p>Recebido via Correio em 25 de mar\u00e7o de 2019:<\/p>\n\n\n\n<p>Di tantu ench\u00eare meu saco eu voltei. Mas t\u00f4 j\u00e1 voltando a volt\u00e1 pra ondi eu vim. Quantu mais escuto&nbsp; mais tenho vontade de fica onde eu t\u00f4. Se o cabra n\u00e3o fala, as coisa desanda, mas pelu menus num leva tapa de seu ningu\u00e9m. S\u00e1vo Torre deu um pedala in Junho Frinfra s\u00f3 purque Junho Frinfra fal\u00f4 dele no boga. E diz que vai t\u00e1 nas m\u00e3o da justi\u00e7a. Nas de Deus n\u00e3o, qui si diss\u00e9 a Deus, ele vai diz\u00ea: \u201ct\u00fa acha que eu num tenho probrema? Qu\u00e9 me bot\u00e1 pra desat\u00e1 briga de S\u00e1vo cum Frinfra? J\u00e1 num basta jog\u00e1 pra mim Dinca Bradino e Z\u00e9 Amaral di Tabira? T\u00e1 cum tr\u00eas m\u00eais que o c\u00e3o fica se iscondeno de um pro outro quereno mi faz\u00ea di besta\u201d.<\/p>\n\n\n\n<p>S\u00f3 por aqui na regi\u00e3o tem assunto que s\u00f3 a mulesta. Em Afogado, dois Valadare &nbsp;dizeno qui v\u00e3o s\u00ea candidato. &nbsp;Itam\u00e1 j\u00e1 vai contano deiz canidatos, inclusive Pr\u00ednio de Hor\u00e1\u00e7o, que pode s\u00ea a supresa da elei\u00e7\u00e3o purque fala cum todo mundo e \u00e9 simp\u00e1ticu. &nbsp;Disseru que se a elei\u00e7\u00e3o f\u00f4 como t\u00e1 se desenhano, &nbsp;Padre Arruda C\u00e2mara vai pedir pra botar as perna dele di volta e corr\u00ea da pra\u00e7a. Vai carreg\u00e1 o busto de Z\u00e9 Nogueira, que todo mundo pensava qui era Dom Francisco. \u201cZ\u00e9 \u00f4u Chico, voc\u00ea foge comigo. N\u00e3o lhe deixo s\u00f3 meu irm\u00e3o\u201d. E zuuuum! Nem Sandrinhozinho de Compatriota pega\u2026<\/p>\n\n\n\n<p>Em Quixaba, Jailso Paix\u00e3o n\u00e3o tem mais paix\u00e3o pela pul\u00edtica\u2026 Em Serra Taiada, o Duque escoieu M\u00e1rcia Descorada pra ser sua candidata. \u201cJ\u00e1 que t\u00e3o dizeno que Victor Neto de Inoc\u00ean\u00e7u pode ser candidato e tem gente que acha ele bonitinho, bota M\u00e1rcia que desmoraliza ele e n\u00f3is ganha a elei\u00e7\u00e3o\u201d.<\/p>\n\n\n\n<p>Em Ingazeira, Lino Amorais anda desconfiadu de todo mundo pensano qui vai ser escanteado pr\u00e1 Luciano. Acharu ele numa f\u00eaira fazendo pesquisa com uma mui\u00e9: \u201ca senhora \u00e9 por mim ou por Luciano T\u00f4rre? Diga que s\u00f3 falta a senhora pra eu ganh\u00e1 de lapada! T\u00e1 35 a 1. Eu venho contando l\u00e1 de cima\u201d. E a mui\u00e9: \u201cT\u00fa t\u00e1 in Afogado, Lino! T\u00fa s\u00f3 faiz f\u00eara aqui, t\u00fa acha que n\u00f3is vai s\u00ea contra t\u00fa?\u201d Lino bot\u00f4 as m\u00e3o na cabe\u00e7a e saiu correndo. Esqueceu at\u00e9 as banana\u2026<\/p>\n\n\n\n<p>Em Carna\u00edba, os veread\u00f4 di oposi\u00e7\u00e3o n\u00e3o deix\u00f4 Xi\u00eata fazer as piscina nas escola porque nunca teve isso e os menino pode se afog\u00e1. S\u00f3 qui esses minino j\u00e1 s\u00e3o acostumado a d\u00e1 frex\u00earo marcando carr\u00eara no ch\u00e3o quente, quem dir\u00e1 numa pisina. Se bot\u00e1 N\u00eaudo, Xi\u00eata, Greibson e Vito contra um menino buchudo que seja nos 200 metro razo, o menino termina com pisina e meia de vantage. Os outro quatro &nbsp;n\u00e3o sai do canto. Xi\u00eata vai pedir autoriza\u00e7\u00e3o a Greibson e N\u00eaudo pra pul\u00e1, Jona de Z\u00e9 M\u00e1ro vai d\u00e1 um parec\u00ea negando pruq\u00ea Xi\u00eata num expric\u00f4 se \u00e9 200 metro razo, de bucho liso ou babuleta, eles v\u00e3o vot\u00e1 contra, Vito vai abandon\u00e1 a disputa pra bot\u00e1 no Tu\u00edte que isso \u00e9 uma pressegui\u00e7\u00e3o e pelo Sport Tudo, Junio de Mocinha vai compartilh\u00e1 no zap zap, Greibso vai diz\u00ea qui num deix\u00f4 di jeito nenhum mas n\u00e3o quer perseguir tibungo de Seu Ningu\u00e9m i o minino j\u00e1 vai t\u00e1 inchuto do \u00f4tro lado\u2026<\/p>\n\n\n\n<p>Pra mim t\u00e1 bom. V\u00f4 tom\u00e1 banho de a\u00e7ude\u2026 qui num pricisa parec\u00ea\u2026 Tibungo!<\/p>\n","protected":false},"excerpt":{"rendered":"<p>Z\u00e9&nbsp;Peba \u00e9 um matuto que jura que n\u00e3o entende nada de pol\u00edtica. E d\u00e1 seus pitacos sobre tudo que acontece na regi\u00e3o\u2026 Recebido via Correio em 25 de mar\u00e7o de 2019: Di tantu ench\u00eare meu saco eu voltei. Mas t\u00f4 j\u00e1 voltando a volt\u00e1 pra ondi&#46;&#46;&#46;<\/p>\n","protected":false},"author":1,"featured_media":0,"parent":0,"menu_order":0,"comment_status":"closed","ping_status":"closed","template":"","meta":{"footnotes":""},"class_list":["post-29","page","type-page","status-publish","hentry"],"_links":{"self":[{"href":"https:\/\/blog.nilljunior.com.br\/index.php\/wp-json\/wp\/v2\/pages\/29","targetHints":{"allow":["GET"]}}],"collection":[{"href":"https:\/\/blog.nilljunior.com.br\/index.php\/wp-json\/wp\/v2\/pages"}],"about":[{"href":"https:\/\/blog.nilljunior.com.br\/index.php\/wp-json\/wp\/v2\/types\/page"}],"author":[{"embeddable":true,"href":"https:\/\/blog.nilljunior.com.br\/index.php\/wp-json\/wp\/v2\/users\/1"}],"replies":[{"embeddable":true,"href":"https:\/\/blog.nilljunior.com.br\/index.php\/wp-json\/wp\/v2\/comments?post=29"}],"version-history":[{"count":1,"href":"https:\/\/blog.nilljunior.com.br\/index.php\/wp-json\/wp\/v2\/pages\/29\/revisions"}],"predecessor-version":[{"id":30,"href":"https:\/\/blog.nilljunior.com.br\/index.php\/wp-json\/wp\/v2\/pages\/29\/revisions\/30"}],"wp:attachment":[{"href":"https:\/\/blog.nilljunior.com.br\/index.php\/wp-json\/wp\/v2\/media?parent=29"}],"curies":[{"name":"wp","href":"https:\/\/api.w.org\/{rel}","templated":true}]}}