{"id":31,"date":"2025-08-25T14:20:14","date_gmt":"2025-08-25T14:20:14","guid":{"rendered":"https:\/\/blog.nilljunior.com.br\/?page_id=31"},"modified":"2025-08-25T14:20:15","modified_gmt":"2025-08-25T14:20:15","slug":"perfil","status":"publish","type":"page","link":"https:\/\/blog.nilljunior.com.br\/index.php\/perfil\/","title":{"rendered":"Perfil"},"content":{"rendered":"<div class=\"wp-block-image\">\n<figure class=\"alignleft\"><img decoding=\"async\" src=\"https:\/\/conceitualmoveis.com.br\/nill\/wp-content\/uploads\/2025\/08\/Captura-de-Tela-2025-08-12-as-17.46.49.png\" alt=\"\" class=\"wp-image-19\"\/><\/figure>\n<\/div>\n\n\n<p><strong>Nivaldo Alves Galindo Filho, Nill J\u00fanior,&nbsp;<\/strong>tem 50 anos<strong>.<\/strong>&nbsp;Iniciou atividade no r\u00e1dio em 25 de maio de 1991 na R\u00e1dio Paje\u00fa.<\/p>\n\n\n\n<p>Tamb\u00e9m &nbsp;integrou a primeira equipe de comunicadores da R\u00e1dio Transertaneja FM entre 1992 e 1993, quando voltou \u00e0 Paje\u00fa .<\/p>\n\n\n\n<p>Posteriormente assumiu por quatro anos o Departamento de Radiojornalismo da emissora, com destaque para a produ\u00e7\u00e3o e apresenta\u00e7\u00e3o do programa di\u00e1rio Nova Manh\u00e3.<\/p>\n\n\n\n<p>Em outubro de 1998 foi contratado pela R\u00e1dio Cardeal Arcoverde, onde apresentou o programa Cardeal Total, em projeto de restrutura\u00e7\u00e3o da emissora. Seu trabalho rendeu Voto de Aplauso da C\u00e2mara.<\/p>\n\n\n\n<p>Retornou definitivamente para a R\u00e1dio Paje\u00fa em junho de 1999, onde produziu e apresentou at\u00e9 mar\u00e7o de 2002 a sequ\u00eancia \u201cEntrevista na Manh\u00e3\u201d.<\/p>\n\n\n\n<p>Em Tabira, conduziu por cinco meses o Programa \u201cNill J\u00fanior Show\u201d na R\u00e1dio Nossa Terra FM entre 2000 e 2001.<\/p>\n\n\n\n<p>Desde abril de 2002, produz e apresenta o programa di\u00e1rio Manh\u00e3 Total, onde apresenta o resumo dos principais fatos do dia com entrevistas e reportagens locais, de Pernambuco e nacionais.<\/p>\n\n\n\n<p>Em 2004, fruto da produ\u00e7\u00e3o di\u00e1ria de conte\u00fado, criou o blog do Comunicador Nill J\u00fanior. Hoje \u00e9&nbsp;o blog mais acessado na regi\u00e3o do Paje\u00fa (Instituto M\u00faltipla) e um dos cinco blogs mais acessados do Estado em sua categoria (Allexa). O blog \u00e9 tamb\u00e9m um dos mais premiados do Estado.<\/p>\n\n\n\n<p>\u00c9 citado como um profissionais mais relevantes do r\u00e1dio no pa\u00eds no livro da historiadora e professora paulista Magaly Prado no livro&nbsp;<a href=\"https:\/\/www.amazon.com.br\/Historia-do-Radio-no-Brasil\/dp\/8564684187\">\u201cA Hist\u00f3ria do R\u00e1dio do Brasil\u201d<\/a>, lan\u00e7ado em 2012.<\/p>\n\n\n\n<p>\u00c9 Gerente Administrativo da R\u00e1dio Paje\u00fa desde 2012. Antes, ocupou por anos a Ger\u00eancia de Programa\u00e7\u00e3o. Jornalista e radialista, \u00e9 p\u00f3s graduado em Gest\u00e3o de Empresas de Radiodifus\u00e3o pela Uninter (2019). Ainda apresenta coment\u00e1rio di\u00e1rio na Cultura FM, de Serra Talhada, e o programa Debate do S\u00e1bado, na Gazeta FM, de S\u00e3o Jos\u00e9 do Egito.<\/p>\n\n\n\n<p>Por consequ\u00eancia dessa atua\u00e7\u00e3o foi eleito em maio de 2019 presidente da Asserpe, a Associa\u00e7\u00e3o de R\u00e1dios e TVs do Estado. Tamb\u00e9m integra o Conselho Superior da ABERT, Associa\u00e7\u00e3o Brasileira das Empresas de R\u00e1dio e TV. \u00c9 o primeiro presidente da entidade a ser eleito Conselheiro da 8\u00aa C\u00e2mara do Conar, o Conselho Nacional de Autorregulamenta\u00e7\u00e3o Publicit\u00e1ria.<\/p>\n","protected":false},"excerpt":{"rendered":"<p>Nivaldo Alves Galindo Filho, Nill J\u00fanior,&nbsp;tem 50 anos.&nbsp;Iniciou atividade no r\u00e1dio em 25 de maio de 1991 na R\u00e1dio Paje\u00fa. Tamb\u00e9m &nbsp;integrou a primeira equipe de comunicadores da R\u00e1dio Transertaneja FM entre 1992 e 1993, quando voltou \u00e0 Paje\u00fa . Posteriormente assumiu por quatro anos o&#46;&#46;&#46;<\/p>\n","protected":false},"author":1,"featured_media":0,"parent":0,"menu_order":0,"comment_status":"closed","ping_status":"closed","template":"","meta":{"footnotes":""},"class_list":["post-31","page","type-page","status-publish","hentry"],"_links":{"self":[{"href":"https:\/\/blog.nilljunior.com.br\/index.php\/wp-json\/wp\/v2\/pages\/31","targetHints":{"allow":["GET"]}}],"collection":[{"href":"https:\/\/blog.nilljunior.com.br\/index.php\/wp-json\/wp\/v2\/pages"}],"about":[{"href":"https:\/\/blog.nilljunior.com.br\/index.php\/wp-json\/wp\/v2\/types\/page"}],"author":[{"embeddable":true,"href":"https:\/\/blog.nilljunior.com.br\/index.php\/wp-json\/wp\/v2\/users\/1"}],"replies":[{"embeddable":true,"href":"https:\/\/blog.nilljunior.com.br\/index.php\/wp-json\/wp\/v2\/comments?post=31"}],"version-history":[{"count":1,"href":"https:\/\/blog.nilljunior.com.br\/index.php\/wp-json\/wp\/v2\/pages\/31\/revisions"}],"predecessor-version":[{"id":32,"href":"https:\/\/blog.nilljunior.com.br\/index.php\/wp-json\/wp\/v2\/pages\/31\/revisions\/32"}],"wp:attachment":[{"href":"https:\/\/blog.nilljunior.com.br\/index.php\/wp-json\/wp\/v2\/media?parent=31"}],"curies":[{"name":"wp","href":"https:\/\/api.w.org\/{rel}","templated":true}]}}