{"id":33,"date":"2025-08-25T14:21:06","date_gmt":"2025-08-25T14:21:06","guid":{"rendered":"https:\/\/blog.nilljunior.com.br\/?page_id=33"},"modified":"2025-08-25T14:21:07","modified_gmt":"2025-08-25T14:21:07","slug":"politica-de-privacidade","status":"publish","type":"page","link":"https:\/\/blog.nilljunior.com.br\/index.php\/politica-de-privacidade\/","title":{"rendered":"Pol\u00edtica de Privacidade"},"content":{"rendered":"\n<p>O Blog nilljunior.com.br &nbsp;leva em considera\u00e7\u00e3o a import\u00e2ncia da privacidade de nossos visitantes deixando aqui claro como s\u00e3o utilizadas todas as informa\u00e7\u00f5es e dados eventualmente recebidos.<\/p>\n\n\n\n<p>N\u00f3s reconhecemos e garantimos que em hip\u00f3tese alguma ser\u00e3o divulgados qualquer tipo de dado eventualmente enviado \u00e0 n\u00f3s seja por formul\u00e1rio, e-mail, ou qualquer outro meio.<\/p>\n\n\n\n<p><strong>&nbsp;&nbsp;&nbsp; Dos Cookies<\/strong><\/p>\n\n\n\n<p>Sites da web recebem Cookies e Web Beacons quando o usu\u00e1rio acessa as p\u00e1ginas, dados estes que s\u00e3o instalados automaticamente e originados dos pr\u00f3prios servidores que hospedam todo conte\u00fado e tamb\u00e9m de servidores de terceiros que operam este site.<\/p>\n\n\n\n<p>O Blog nilljunior.com.br exibe publicidade de terceiros que tamb\u00e9m podem receber dados quando o clique \u00e9 evidente, tornando-se responsabilidade do site em quest\u00e3o a privacidade de seus dados cabendo \u00e0 voc\u00ea procurar pelo mesma.<\/p>\n\n\n\n<p><strong>Dos Registros<\/strong><\/p>\n\n\n\n<p>Assim como acontece com Cookies e Web beacons, tamb\u00e9m recebemos registros de endere\u00e7o IP, e seu ISP dependendo do provedor utilizado.<\/p>\n\n\n\n<p>Estes dados geralmente s\u00e3o utilizados apenas como \u201cdados estat\u00edsticos\u201d com base em local, data, e n\u00famero de visitas e\/ou visualiza\u00e7\u00f5es recebidas de um determinado ip\/isp.<\/p>\n\n\n\n<p>Tais registros tamb\u00e9m podem ser utilizados pelos banco de dados das publicidades aqui exibidas para a dissipa\u00e7\u00e3o de an\u00fancios com base em interesses como \u00e9 o caso do pr\u00f3prio Google Adsense.<\/p>\n\n\n\n<p>Voc\u00ea tem o direito de n\u00e3o fornecer seus dados<\/p>\n\n\n\n<p>Voc\u00ea como visitante e pessoa f\u00edsica ou jur\u00eddica tem o controle da pr\u00f3pria privacidade, podendo a qualquer momento utilizando as fun\u00e7\u00f5es de seu pr\u00f3prio navegador para \u201cnavegar anonimamente\u201d. Por\u00e9m, deve estar ciente de que alguns servi\u00e7os deste e de outros sites poder\u00e3o n\u00e3o funcionar corretamente devido a oculta\u00e7\u00e3o destes dados como \u00e9 o caso de sistemas de login, formul\u00e1rios, exibi\u00e7\u00e3o de an\u00fancios irrelevantes ao seu gosto entre outros.<\/p>\n\n\n\n<p>Voc\u00ea tamb\u00e9m tem o direito de entrar em contato para que seus dados enviados atrav\u00e9s de formul\u00e1rios sejam alterados ou exclu\u00eddos de nossas bases de dados, como \u00e9 o caso de feeds de not\u00edcias enviados por e-mails.<\/p>\n\n\n\n<p>E assim como os cookies e web beacons estes dados tamb\u00e9m n\u00e3o ser\u00e3o vendidos, doados ou publicados para pessoa sendo f\u00edsica ou jur\u00eddica.<\/p>\n\n\n\n<p>O Blog nilljunior.com.br usa formul\u00e1rio de cadastro para o leitor que deseja comentar em suas publica\u00e7\u00f5es, pois n\u00e3o \u00e9 permitido o coment\u00e1rio an\u00f4nimo, esses registros s\u00f3 s\u00e3o liberados ap\u00f3s verifica\u00e7\u00e3o de autenticidade do usu\u00e1rio.<\/p>\n","protected":false},"excerpt":{"rendered":"<p>O Blog nilljunior.com.br &nbsp;leva em considera\u00e7\u00e3o a import\u00e2ncia da privacidade de nossos visitantes deixando aqui claro como s\u00e3o utilizadas todas as informa\u00e7\u00f5es e dados eventualmente recebidos. N\u00f3s reconhecemos e garantimos que em hip\u00f3tese alguma ser\u00e3o divulgados qualquer tipo de dado eventualmente enviado \u00e0 n\u00f3s seja por&#46;&#46;&#46;<\/p>\n","protected":false},"author":1,"featured_media":0,"parent":0,"menu_order":0,"comment_status":"closed","ping_status":"closed","template":"","meta":{"footnotes":""},"class_list":["post-33","page","type-page","status-publish","hentry"],"_links":{"self":[{"href":"https:\/\/blog.nilljunior.com.br\/index.php\/wp-json\/wp\/v2\/pages\/33","targetHints":{"allow":["GET"]}}],"collection":[{"href":"https:\/\/blog.nilljunior.com.br\/index.php\/wp-json\/wp\/v2\/pages"}],"about":[{"href":"https:\/\/blog.nilljunior.com.br\/index.php\/wp-json\/wp\/v2\/types\/page"}],"author":[{"embeddable":true,"href":"https:\/\/blog.nilljunior.com.br\/index.php\/wp-json\/wp\/v2\/users\/1"}],"replies":[{"embeddable":true,"href":"https:\/\/blog.nilljunior.com.br\/index.php\/wp-json\/wp\/v2\/comments?post=33"}],"version-history":[{"count":1,"href":"https:\/\/blog.nilljunior.com.br\/index.php\/wp-json\/wp\/v2\/pages\/33\/revisions"}],"predecessor-version":[{"id":34,"href":"https:\/\/blog.nilljunior.com.br\/index.php\/wp-json\/wp\/v2\/pages\/33\/revisions\/34"}],"wp:attachment":[{"href":"https:\/\/blog.nilljunior.com.br\/index.php\/wp-json\/wp\/v2\/media?parent=33"}],"curies":[{"name":"wp","href":"https:\/\/api.w.org\/{rel}","templated":true}]}}